{"id":432,"date":"2025-02-18T08:21:12","date_gmt":"2025-02-18T08:21:12","guid":{"rendered":"https:\/\/themegavias.com\/wp\/travivu\/my-account-2\/"},"modified":"2025-02-18T08:21:12","modified_gmt":"2025-02-18T08:21:12","slug":"dashboard","status":"publish","type":"page","link":"https:\/\/cappadociatriptravel.com\/tr\/dashboard\/","title":{"rendered":"Dashboard"},"content":{"rendered":"\t\t<div data-elementor-type=\"wp-page\" data-elementor-id=\"432\" class=\"elementor elementor-432\">\n\t\t\t\t<div class=\"elementor-element elementor-element-c63ef45 e-flex e-con-boxed e-con e-parent\" data-id=\"c63ef45\" data-element_type=\"container\" data-e-type=\"container\" data-settings=\"{&quot;background_background&quot;:&quot;slideshow&quot;,&quot;background_slideshow_gallery&quot;:[{&quot;id&quot;:124,&quot;url&quot;:&quot;https:\\\/\\\/themegavias.com\\\/wp\\\/travivu\\\/wp-content\\\/uploads\\\/2024\\\/11\\\/breadcrumb.jpg&quot;},{&quot;id&quot;:127,&quot;url&quot;:&quot;https:\\\/\\\/themegavias.com\\\/wp\\\/travivu\\\/wp-content\\\/uploads\\\/2024\\\/11\\\/breadcrumb-01.jpg&quot;}],&quot;background_slideshow_ken_burns&quot;:&quot;yes&quot;,&quot;background_slideshow_loop&quot;:&quot;yes&quot;,&quot;background_slideshow_slide_duration&quot;:5000,&quot;background_slideshow_slide_transition&quot;:&quot;fade&quot;,&quot;background_slideshow_transition_duration&quot;:500,&quot;background_slideshow_ken_burns_zoom_direction&quot;:&quot;in&quot;}\">\n\t\t\t\t\t<div class=\"e-con-inner\">\n\t\t<div class=\"elementor-element elementor-element-a6c302b e-con-full e-flex e-con e-child\" data-id=\"a6c302b\" data-element_type=\"container\" data-e-type=\"container\">\n\t\t\t\t<div class=\"elementor-element elementor-element-16cdfce elementor-widget elementor-widget-gva-heading-block\" data-id=\"16cdfce\" data-element_type=\"widget\" data-e-type=\"widget\" data-widget_type=\"gva-heading-block.default\">\n\t\t\t\t<div class=\"elementor-widget-container\">\n\t\t\t\t\t<div class=\"gva-element-gva-heading-block gva-element\">\r\n   <div class=\"align-center style-1 widget gsc-heading box-align-left auto-responsive\">\r\n      \r\n      <div class=\"content-inner\">\r\n                  \r\n           \r\n         \r\n                     <h2 class=\"title\">\r\n               <span>Dashboard<\/span>\r\n            <\/h2>\r\n                  \r\n                     <div class=\"title-desc\">People Don\u2019t Take, Trips Take People<\/div>\r\n         \r\n               <\/div>\r\n\r\n   <\/div>\r\n\r\n<\/div>\t\t\t\t<\/div>\n\t\t\t\t<\/div>\n\t\t\t\t<\/div>\n\t\t\t\t\t<\/div>\n\t\t\t\t<\/div>\n\t\t<div class=\"elementor-element elementor-element-4648b832 e-flex e-con-boxed e-con e-parent\" data-id=\"4648b832\" data-element_type=\"container\" data-e-type=\"container\">\n\t\t\t\t\t<div class=\"e-con-inner\">\n\t\t<div class=\"elementor-element elementor-element-15132b0 e-con-full e-flex e-con e-child\" data-id=\"15132b0\" data-element_type=\"container\" data-e-type=\"container\">\n\t\t\t\t<div class=\"elementor-element elementor-element-eff7676 elementor-widget elementor-widget-shortcode\" data-id=\"eff7676\" data-element_type=\"widget\" data-e-type=\"widget\" data-widget_type=\"shortcode.default\">\n\t\t\t\t\t\t\t<div class=\"elementor-shortcode\"><div class=\"wpte-lrf-wrap wpte-login\" >\n\t<div class=\"wpte-lrf-top\">\n\t\t<form method=\"post\" class=\"wpte-lrf\">\n\t\t\t\t\t\t\t\t\t\t<div class=\"wpte-lrf-right\">\n\t\t\t\t\t<div class=\"wpte-lrf-head\">\n\t\t\t\t\t\t<h2 class=\"wpte-lrf-title\">\n\t\t\t\t\t\t\tLog into Your Account\t\t\t\t\t\t<\/h2>\n\t\t\t\t\t<\/div>\n\t\t\t\t\t<div class=\"wpte-form-field wpte-material-ui-input-control\">\n\t\t\t\t\t\t<label for=\"username\">Username or Email<span class=\"required\">*<\/span><\/label>\n\t\t\t\t\t\t<input id=\"username\" required data-parsley-required-message=\"L\u00fctfen ge\u00e7erli e-posta adresinizi veya kullan\u0131c\u0131 ad\u0131n\u0131z\u0131 girin\" type=\"text\" name=\"username\" value=\"\" placeholder=\"E-posta ya da kullan\u0131c\u0131 ad\u0131\">\n\t\t\t\t\t\t<fieldset>\n\t\t\t\t\t\t\t<legend>\n\t\t\t\t\t\t\t\t<span>Username or Email<span class=\"required\">*<\/span><\/span>\n\t\t\t\t\t\t\t<\/legend>\n\t\t\t\t\t\t<\/fieldset>\n\t\t\t\t\t<\/div>\n\t\t\t\t\t<div class=\"wpte-form-field wpte-material-ui-input-control\">\n\t\t\t\t\t\t<label>Parola<span class=\"required\">*<\/span><\/label>\n\t\t\t\t\t\t<input required data-parsley-required-message=\"\u015eifrenizi giriniz L\u00fctfen\" type=\"password\" name=\"password\" value=\"\" placeholder=\"Parola\">\n\t\t\t\t\t\t<fieldset>\n\t\t\t\t\t\t\t<legend>\n\t\t\t\t\t\t\t\t<span>Parola<span class=\"required\">*<\/span><\/span>\n\t\t\t\t\t\t\t<\/legend>\n\t\t\t\t\t\t<\/fieldset>\n\t\t\t\t\t<\/div>\n\t\t\t\t\t<div class=\"wpte-form-field lrf-rememberme\">\n\t\t\t\t\t\t<div>\n\t\t\t\t\t\t\t<input type=\"hidden\" id=\"wp-travel-engine-login-nonce\" name=\"wp-travel-engine-login-nonce\" value=\"1b66d356bf\" \/><input type=\"hidden\" name=\"_wp_http_referer\" value=\"\/tr\/wp-json\/wp\/v2\/pages\/432\" \/>\t\t\t\t\t\t\t<label for=\"rememberme\">\n\t\t\t\t\t\t\t\t<input class=\"\" name=\"rememberme\" type=\"checkbox\" id=\"rememberme\" value=\"forever\" \/>\n\t\t\t\t\t\t\t\tRemember me\t\t\t\t\t\t\t<\/label>\n\t\t\t\t\t\t<\/div>\n\t\t\t\t\t\t<a href=\"https:\/\/cappadociatriptravel.com\/tr\/my-account\/?action=lost-pass\">Forgot Password?<\/a>\n\t\t\t\t\t<\/div>\n\t\t\t\t\t<div class=\"wpte-form-field wpte-form-submit\">\n\t\t\t\t\t\t<input type=\"submit\" name=\"login\" value=\"Giri\u015f yapmak\">\n\t\t\t\t\t<\/div>\n\t\t\t\t\t\t\t\t\t<\/div>\n\t\t\t\n\t\t<\/form>\n\t<\/div>\n<\/div>\n<\/div>\n\t\t\t\t\t\t<\/div>\n\t\t\t\t<\/div>\n\t\t\t\t\t<\/div>\n\t\t\t\t<\/div>\n\t\t\t\t<\/div>\n\t\t","protected":false},"excerpt":{"rendered":"<p>Dashboard People Don\u2019t Take, Trips Take People<\/p>","protected":false},"author":1,"featured_media":0,"parent":0,"menu_order":0,"comment_status":"closed","ping_status":"closed","template":"","meta":{"footnotes":""},"class_list":["post-432","page","type-page","status-publish","hentry"],"yoast_head":"<!-- This site is optimized with the Yoast SEO plugin v27.3 - https:\/\/yoast.com\/product\/yoast-seo-wordpress\/ -->\n<title>Dashboard - Cappadocia Trip Travel<\/title>\n<meta name=\"robots\" content=\"index, follow, max-snippet:-1, max-image-preview:large, max-video-preview:-1\" \/>\n<link rel=\"canonical\" href=\"http:\/\/localhost\/acenta\/dashboard\/\" \/>\n<meta property=\"og:locale\" content=\"tr_TR\" \/>\n<meta property=\"og:type\" content=\"article\" \/>\n<meta property=\"og:title\" content=\"Dashboard - Cappadocia Trip Travel\" \/>\n<meta property=\"og:description\" content=\"Dashboard People Don\u2019t Take, Trips Take People\" \/>\n<meta property=\"og:url\" content=\"http:\/\/localhost\/acenta\/dashboard\/\" \/>\n<meta property=\"og:site_name\" content=\"Cappadocia Trip Travel\" \/>\n<meta name=\"twitter:card\" content=\"summary_large_image\" \/>\n<script type=\"application\/ld+json\" class=\"yoast-schema-graph\">{\"@context\":\"https:\\\/\\\/schema.org\",\"@graph\":[{\"@type\":\"WebPage\",\"@id\":\"http:\\\/\\\/localhost\\\/acenta\\\/dashboard\\\/\",\"url\":\"http:\\\/\\\/localhost\\\/acenta\\\/dashboard\\\/\",\"name\":\"Dashboard - Cappadocia Trip Travel\",\"isPartOf\":{\"@id\":\"https:\\\/\\\/cappadociatriptravel.com\\\/#website\"},\"datePublished\":\"2025-02-18T08:21:12+00:00\",\"breadcrumb\":{\"@id\":\"http:\\\/\\\/localhost\\\/acenta\\\/dashboard\\\/#breadcrumb\"},\"inLanguage\":\"tr\",\"potentialAction\":[{\"@type\":\"ReadAction\",\"target\":[\"http:\\\/\\\/localhost\\\/acenta\\\/dashboard\\\/\"]}]},{\"@type\":\"BreadcrumbList\",\"@id\":\"http:\\\/\\\/localhost\\\/acenta\\\/dashboard\\\/#breadcrumb\",\"itemListElement\":[{\"@type\":\"ListItem\",\"position\":1,\"name\":\"Anasayfa\",\"item\":\"https:\\\/\\\/cappadociatriptravel.com\\\/\"},{\"@type\":\"ListItem\",\"position\":2,\"name\":\"Dashboard\"}]},{\"@type\":\"WebSite\",\"@id\":\"https:\\\/\\\/cappadociatriptravel.com\\\/#website\",\"url\":\"https:\\\/\\\/cappadociatriptravel.com\\\/\",\"name\":\"Cappadocia Trip Travel\",\"description\":\"Cappadocia Balloon Tour\",\"publisher\":{\"@id\":\"https:\\\/\\\/cappadociatriptravel.com\\\/#organization\"},\"potentialAction\":[{\"@type\":\"SearchAction\",\"target\":{\"@type\":\"EntryPoint\",\"urlTemplate\":\"https:\\\/\\\/cappadociatriptravel.com\\\/?s={search_term_string}\"},\"query-input\":{\"@type\":\"PropertyValueSpecification\",\"valueRequired\":true,\"valueName\":\"search_term_string\"}}],\"inLanguage\":\"tr\"},{\"@type\":\"Organization\",\"@id\":\"https:\\\/\\\/cappadociatriptravel.com\\\/#organization\",\"name\":\"Cappadocia Trip Travel\",\"url\":\"https:\\\/\\\/cappadociatriptravel.com\\\/\",\"logo\":{\"@type\":\"ImageObject\",\"inLanguage\":\"tr\",\"@id\":\"https:\\\/\\\/cappadociatriptravel.com\\\/#\\\/schema\\\/logo\\\/image\\\/\",\"url\":\"https:\\\/\\\/cappadociatriptravel.com\\\/wp-content\\\/uploads\\\/2026\\\/03\\\/cropped-cappalogoblack.png\",\"contentUrl\":\"https:\\\/\\\/cappadociatriptravel.com\\\/wp-content\\\/uploads\\\/2026\\\/03\\\/cropped-cappalogoblack.png\",\"width\":512,\"height\":512,\"caption\":\"Cappadocia Trip Travel\"},\"image\":{\"@id\":\"https:\\\/\\\/cappadociatriptravel.com\\\/#\\\/schema\\\/logo\\\/image\\\/\"}}]}<\/script>\n<!-- \/ Yoast SEO plugin. -->","yoast_head_json":{"title":"Dashboard - Cappadocia Trip Travel","robots":{"index":"index","follow":"follow","max-snippet":"max-snippet:-1","max-image-preview":"max-image-preview:large","max-video-preview":"max-video-preview:-1"},"canonical":"http:\/\/localhost\/acenta\/dashboard\/","og_locale":"tr_TR","og_type":"article","og_title":"Dashboard - Cappadocia Trip Travel","og_description":"Dashboard People Don\u2019t Take, Trips Take People","og_url":"http:\/\/localhost\/acenta\/dashboard\/","og_site_name":"Cappadocia Trip Travel","twitter_card":"summary_large_image","schema":{"@context":"https:\/\/schema.org","@graph":[{"@type":"WebPage","@id":"http:\/\/localhost\/acenta\/dashboard\/","url":"http:\/\/localhost\/acenta\/dashboard\/","name":"Dashboard - Cappadocia Trip Travel","isPartOf":{"@id":"https:\/\/cappadociatriptravel.com\/#website"},"datePublished":"2025-02-18T08:21:12+00:00","breadcrumb":{"@id":"http:\/\/localhost\/acenta\/dashboard\/#breadcrumb"},"inLanguage":"tr","potentialAction":[{"@type":"ReadAction","target":["http:\/\/localhost\/acenta\/dashboard\/"]}]},{"@type":"BreadcrumbList","@id":"http:\/\/localhost\/acenta\/dashboard\/#breadcrumb","itemListElement":[{"@type":"ListItem","position":1,"name":"Anasayfa","item":"https:\/\/cappadociatriptravel.com\/"},{"@type":"ListItem","position":2,"name":"Dashboard"}]},{"@type":"WebSite","@id":"https:\/\/cappadociatriptravel.com\/#website","url":"https:\/\/cappadociatriptravel.com\/","name":"Cappadocia Trip Travel","description":"Cappadocia Balloon Tour","publisher":{"@id":"https:\/\/cappadociatriptravel.com\/#organization"},"potentialAction":[{"@type":"SearchAction","target":{"@type":"EntryPoint","urlTemplate":"https:\/\/cappadociatriptravel.com\/?s={search_term_string}"},"query-input":{"@type":"PropertyValueSpecification","valueRequired":true,"valueName":"search_term_string"}}],"inLanguage":"tr"},{"@type":"Organization","@id":"https:\/\/cappadociatriptravel.com\/#organization","name":"Cappadocia Trip Travel","url":"https:\/\/cappadociatriptravel.com\/","logo":{"@type":"ImageObject","inLanguage":"tr","@id":"https:\/\/cappadociatriptravel.com\/#\/schema\/logo\/image\/","url":"https:\/\/cappadociatriptravel.com\/wp-content\/uploads\/2026\/03\/cropped-cappalogoblack.png","contentUrl":"https:\/\/cappadociatriptravel.com\/wp-content\/uploads\/2026\/03\/cropped-cappalogoblack.png","width":512,"height":512,"caption":"Cappadocia Trip Travel"},"image":{"@id":"https:\/\/cappadociatriptravel.com\/#\/schema\/logo\/image\/"}}]}},"_links":{"self":[{"href":"https:\/\/cappadociatriptravel.com\/tr\/wp-json\/wp\/v2\/pages\/432","targetHints":{"allow":["GET"]}}],"collection":[{"href":"https:\/\/cappadociatriptravel.com\/tr\/wp-json\/wp\/v2\/pages"}],"about":[{"href":"https:\/\/cappadociatriptravel.com\/tr\/wp-json\/wp\/v2\/types\/page"}],"author":[{"embeddable":true,"href":"https:\/\/cappadociatriptravel.com\/tr\/wp-json\/wp\/v2\/users\/1"}],"replies":[{"embeddable":true,"href":"https:\/\/cappadociatriptravel.com\/tr\/wp-json\/wp\/v2\/comments?post=432"}],"version-history":[{"count":0,"href":"https:\/\/cappadociatriptravel.com\/tr\/wp-json\/wp\/v2\/pages\/432\/revisions"}],"wp:attachment":[{"href":"https:\/\/cappadociatriptravel.com\/tr\/wp-json\/wp\/v2\/media?parent=432"}],"curies":[{"name":"wp","href":"https:\/\/api.w.org\/{rel}","templated":true}]}}